{"id":17,"date":"2017-07-31T04:00:58","date_gmt":"2017-07-31T04:00:58","guid":{"rendered":"http:\/\/photobuddy.benoon.com\/1\/?page_id=17"},"modified":"2024-03-31T11:51:21","modified_gmt":"2024-03-31T09:51:21","slug":"contact","status":"publish","type":"page","link":"https:\/\/www.jeanyannroussel.com\/?page_id=17","title":{"rendered":"Contact"},"content":{"rendered":"\n<p>par message \u00e0 l&#8217;adresse :<\/p>\n\n\n\n<p>       jean.yann.roussel@hotmail.fr <\/p>\n\n\n\n<p>ou plus directement par t\u00e9l\u00e9phone : <\/p>\n\n\n\n<p>      0611103879<\/p>\n","protected":false},"excerpt":{"rendered":"<p>par message \u00e0 l&#8217;adresse : jean.yann.roussel@hotmail.fr ou plus directement par t\u00e9l\u00e9phone : 0611103879<\/p>\n","protected":false},"author":1,"featured_media":0,"parent":0,"menu_order":0,"comment_status":"closed","ping_status":"closed","template":"page-contact.php","meta":{"_acf_changed":false,"footnotes":""},"yst_prominent_words":[],"class_list":["post-17","page","type-page","status-publish","hentry"],"acf":[],"yoast_head":"<!-- This site is optimized with the Yoast SEO Premium plugin v14.4.1 - https:\/\/yoast.com\/wordpress\/plugins\/seo\/ -->\n<title>Contact - Jean-Yann Roussel<\/title>\n<meta name=\"robots\" content=\"index, follow\" \/>\n<meta name=\"googlebot\" content=\"index, follow, max-snippet:-1, max-image-preview:large, max-video-preview:-1\" \/>\n<meta name=\"bingbot\" content=\"index, follow, max-snippet:-1, max-image-preview:large, max-video-preview:-1\" \/>\n<link rel=\"canonical\" href=\"https:\/\/www.jeanyannroussel.com\/?page_id=17\" \/>\n<meta property=\"og:locale\" content=\"fr_FR\" \/>\n<meta property=\"og:type\" content=\"article\" \/>\n<meta property=\"og:title\" content=\"Contact - Jean-Yann Roussel\" \/>\n<meta property=\"og:description\" content=\"par message \u00e0 l&#8217;adresse : jean.yann.roussel@hotmail.fr ou plus directement par t\u00e9l\u00e9phone : 0611103879\" \/>\n<meta property=\"og:url\" content=\"https:\/\/www.jeanyannroussel.com\/?page_id=17\" \/>\n<meta property=\"og:site_name\" content=\"Jean-Yann Roussel\" \/>\n<meta property=\"article:modified_time\" content=\"2024-03-31T09:51:21+00:00\" \/>\n<meta name=\"twitter:card\" content=\"summary_large_image\" \/>\n<script type=\"application\/ld+json\" class=\"yoast-schema-graph\">{\"@context\":\"https:\/\/schema.org\",\"@graph\":[{\"@type\":\"WebSite\",\"@id\":\"https:\/\/www.jeanyannroussel.com\/#website\",\"url\":\"https:\/\/www.jeanyannroussel.com\/\",\"name\":\"Jean-Yann Roussel\",\"description\":\"Un auteur photographe au service de vos d\\u00e9sirs d&#039;images\",\"potentialAction\":[{\"@type\":\"SearchAction\",\"target\":\"https:\/\/www.jeanyannroussel.com\/?s={search_term_string}\",\"query-input\":\"required name=search_term_string\"}],\"inLanguage\":\"fr-FR\"},{\"@type\":\"WebPage\",\"@id\":\"https:\/\/www.jeanyannroussel.com\/?page_id=17#webpage\",\"url\":\"https:\/\/www.jeanyannroussel.com\/?page_id=17\",\"name\":\"Contact - Jean-Yann Roussel\",\"isPartOf\":{\"@id\":\"https:\/\/www.jeanyannroussel.com\/#website\"},\"datePublished\":\"2017-07-31T04:00:58+00:00\",\"dateModified\":\"2024-03-31T09:51:21+00:00\",\"inLanguage\":\"fr-FR\",\"potentialAction\":[{\"@type\":\"ReadAction\",\"target\":[\"https:\/\/www.jeanyannroussel.com\/?page_id=17\"]}]}]}<\/script>\n<!-- \/ Yoast SEO Premium plugin. -->","_links":{"self":[{"href":"https:\/\/www.jeanyannroussel.com\/index.php?rest_route=\/wp\/v2\/pages\/17","targetHints":{"allow":["GET"]}}],"collection":[{"href":"https:\/\/www.jeanyannroussel.com\/index.php?rest_route=\/wp\/v2\/pages"}],"about":[{"href":"https:\/\/www.jeanyannroussel.com\/index.php?rest_route=\/wp\/v2\/types\/page"}],"author":[{"embeddable":true,"href":"https:\/\/www.jeanyannroussel.com\/index.php?rest_route=\/wp\/v2\/users\/1"}],"replies":[{"embeddable":true,"href":"https:\/\/www.jeanyannroussel.com\/index.php?rest_route=%2Fwp%2Fv2%2Fcomments&post=17"}],"version-history":[{"count":9,"href":"https:\/\/www.jeanyannroussel.com\/index.php?rest_route=\/wp\/v2\/pages\/17\/revisions"}],"predecessor-version":[{"id":1879,"href":"https:\/\/www.jeanyannroussel.com\/index.php?rest_route=\/wp\/v2\/pages\/17\/revisions\/1879"}],"wp:attachment":[{"href":"https:\/\/www.jeanyannroussel.com\/index.php?rest_route=%2Fwp%2Fv2%2Fmedia&parent=17"}],"wp:term":[{"taxonomy":"yst_prominent_words","embeddable":true,"href":"https:\/\/www.jeanyannroussel.com\/index.php?rest_route=%2Fwp%2Fv2%2Fyst_prominent_words&post=17"}],"curies":[{"name":"wp","href":"https:\/\/api.w.org\/{rel}","templated":true}]}}